{"id":8,"date":"2024-08-19T17:00:44","date_gmt":"2024-08-19T17:00:44","guid":{"rendered":"https:\/\/luxurydecorations.hr\/index.php\/front_page\/"},"modified":"2024-09-22T09:54:09","modified_gmt":"2024-09-22T09:54:09","slug":"front_page","status":"publish","type":"page","link":"https:\/\/luxurydecorations.hr\/","title":{"rendered":"Home"},"content":{"rendered":"\n\n\n\n\n\n\n\n\n\n\n\n\n\n\n\n\n\n\n\n\n\n","protected":false},"excerpt":{"rendered":"","protected":false},"author":1,"featured_media":277,"parent":0,"menu_order":0,"comment_status":"closed","ping_status":"closed","template":"","meta":{"saved_in_kubio":true,"footnotes":""},"class_list":["post-8","page","type-page","status-publish","has-post-thumbnail","hentry"],"kubio_ai_page_context":{"short_desc":"","purpose":"general","isFrontPage":true},"yoast_head":"<!-- This site is optimized with the Yoast SEO plugin v23.2 - https:\/\/yoast.com\/wordpress\/plugins\/seo\/ -->\n<title>Home - Luxury Decorations<\/title>\n<meta name=\"description\" content=\"Organizacija, dekoracije i izrada setova za razne sve\u010danosti, vjen\u010danja, zaruka, djevoja\u010dke ve\u010deri, kr\u0161tenja, ro\u0111endana, Prve pri\u010desti, krizmi i ostalih prigoda. Bjelovar, mob 095 897 9749\" \/>\n<meta name=\"robots\" content=\"index, follow, max-snippet:-1, max-image-preview:large, max-video-preview:-1\" \/>\n<link rel=\"canonical\" href=\"https:\/\/luxurydecorations.hr\/\" \/>\n<meta property=\"og:locale\" content=\"hr_HR\" \/>\n<meta property=\"og:type\" content=\"article\" \/>\n<meta property=\"og:title\" content=\"Home - Luxury Decorations\" \/>\n<meta property=\"og:description\" content=\"Organizacija, dekoracije i izrada setova za razne sve\u010danosti, vjen\u010danja, zaruka, djevoja\u010dke ve\u010deri, kr\u0161tenja, ro\u0111endana, Prve pri\u010desti, krizmi i ostalih prigoda. Bjelovar, mob 095 897 9749\" \/>\n<meta property=\"og:url\" content=\"https:\/\/luxurydecorations.hr\/\" \/>\n<meta property=\"og:site_name\" content=\"Luxury Decorations\" \/>\n<meta property=\"article:publisher\" content=\"https:\/\/www.facebook.com\/luxury.dekoracije\" \/>\n<meta property=\"article:modified_time\" content=\"2024-09-22T09:54:09+00:00\" \/>\n<meta property=\"og:image\" content=\"https:\/\/luxurydecorations.hr\/wp-content\/uploads\/2024\/08\/luxury-decorations-Bjelovar-logo-2.jpg\" \/>\n\t<meta property=\"og:image:width\" content=\"964\" \/>\n\t<meta property=\"og:image:height\" content=\"673\" \/>\n\t<meta property=\"og:image:type\" content=\"image\/jpeg\" \/>\n<meta name=\"twitter:card\" content=\"summary_large_image\" \/>\n<meta name=\"twitter:label1\" content=\"Procijenjeno vrijeme \u010ditanja\" \/>\n\t<meta name=\"twitter:data1\" content=\"1 minuta\" \/>\n<script type=\"application\/ld+json\" class=\"yoast-schema-graph\">{\"@context\":\"https:\/\/schema.org\",\"@graph\":[{\"@type\":\"WebPage\",\"@id\":\"https:\/\/luxurydecorations.hr\/\",\"url\":\"https:\/\/luxurydecorations.hr\/\",\"name\":\"Home - Luxury Decorations\",\"isPartOf\":{\"@id\":\"https:\/\/luxurydecorations.hr\/#website\"},\"primaryImageOfPage\":{\"@id\":\"https:\/\/luxurydecorations.hr\/#primaryimage\"},\"image\":{\"@id\":\"https:\/\/luxurydecorations.hr\/#primaryimage\"},\"thumbnailUrl\":\"https:\/\/luxurydecorations.hr\/wp-content\/uploads\/2024\/08\/luxury-decorations-Bjelovar-logo-2.jpg\",\"datePublished\":\"2024-08-19T17:00:44+00:00\",\"dateModified\":\"2024-09-22T09:54:09+00:00\",\"description\":\"Organizacija, dekoracije i izrada setova za razne sve\u010danosti, vjen\u010danja, zaruka, djevoja\u010dke ve\u010deri, kr\u0161tenja, ro\u0111endana, Prve pri\u010desti, krizmi i ostalih prigoda. Bjelovar, mob 095 897 9749\",\"breadcrumb\":{\"@id\":\"https:\/\/luxurydecorations.hr\/#breadcrumb\"},\"inLanguage\":\"hr\",\"potentialAction\":[{\"@type\":\"ReadAction\",\"target\":[\"https:\/\/luxurydecorations.hr\/\"]}]},{\"@type\":\"ImageObject\",\"inLanguage\":\"hr\",\"@id\":\"https:\/\/luxurydecorations.hr\/#primaryimage\",\"url\":\"https:\/\/luxurydecorations.hr\/wp-content\/uploads\/2024\/08\/luxury-decorations-Bjelovar-logo-2.jpg\",\"contentUrl\":\"https:\/\/luxurydecorations.hr\/wp-content\/uploads\/2024\/08\/luxury-decorations-Bjelovar-logo-2.jpg\",\"width\":964,\"height\":673,\"caption\":\"usluge organizacija vjen\u010danja Bjelova\"},{\"@type\":\"BreadcrumbList\",\"@id\":\"https:\/\/luxurydecorations.hr\/#breadcrumb\",\"itemListElement\":[{\"@type\":\"ListItem\",\"position\":1,\"name\":\"Po\u010detna stranica\",\"item\":\"https:\/\/luxurydecorations.hr\/\"},{\"@type\":\"ListItem\",\"position\":2,\"name\":\"Home\"}]},{\"@type\":\"WebSite\",\"@id\":\"https:\/\/luxurydecorations.hr\/#website\",\"url\":\"https:\/\/luxurydecorations.hr\/\",\"name\":\"Luxury Decorations\",\"description\":\"\",\"publisher\":{\"@id\":\"https:\/\/luxurydecorations.hr\/#organization\"},\"potentialAction\":[{\"@type\":\"SearchAction\",\"target\":{\"@type\":\"EntryPoint\",\"urlTemplate\":\"https:\/\/luxurydecorations.hr\/?s={search_term_string}\"},\"query-input\":\"required name=search_term_string\"}],\"inLanguage\":\"hr\"},{\"@type\":\"Organization\",\"@id\":\"https:\/\/luxurydecorations.hr\/#organization\",\"name\":\"Luxury Decorations\",\"url\":\"https:\/\/luxurydecorations.hr\/\",\"logo\":{\"@type\":\"ImageObject\",\"inLanguage\":\"hr\",\"@id\":\"https:\/\/luxurydecorations.hr\/#\/schema\/logo\/image\/\",\"url\":\"https:\/\/luxurydecorations.hr\/wp-content\/uploads\/2024\/08\/luxury-decorations.jpg\",\"contentUrl\":\"https:\/\/luxurydecorations.hr\/wp-content\/uploads\/2024\/08\/luxury-decorations.jpg\",\"width\":960,\"height\":960,\"caption\":\"Luxury Decorations\"},\"image\":{\"@id\":\"https:\/\/luxurydecorations.hr\/#\/schema\/logo\/image\/\"},\"sameAs\":[\"https:\/\/www.facebook.com\/luxury.dekoracije\"]}]}<\/script>\n<!-- \/ Yoast SEO plugin. -->","yoast_head_json":{"title":"Home - Luxury Decorations","description":"Organizacija, dekoracije i izrada setova za razne sve\u010danosti, vjen\u010danja, zaruka, djevoja\u010dke ve\u010deri, kr\u0161tenja, ro\u0111endana, Prve pri\u010desti, krizmi i ostalih prigoda. Bjelovar, mob 095 897 9749","robots":{"index":"index","follow":"follow","max-snippet":"max-snippet:-1","max-image-preview":"max-image-preview:large","max-video-preview":"max-video-preview:-1"},"canonical":"https:\/\/luxurydecorations.hr\/","og_locale":"hr_HR","og_type":"article","og_title":"Home - Luxury Decorations","og_description":"Organizacija, dekoracije i izrada setova za razne sve\u010danosti, vjen\u010danja, zaruka, djevoja\u010dke ve\u010deri, kr\u0161tenja, ro\u0111endana, Prve pri\u010desti, krizmi i ostalih prigoda. Bjelovar, mob 095 897 9749","og_url":"https:\/\/luxurydecorations.hr\/","og_site_name":"Luxury Decorations","article_publisher":"https:\/\/www.facebook.com\/luxury.dekoracije","article_modified_time":"2024-09-22T09:54:09+00:00","og_image":[{"width":964,"height":673,"url":"https:\/\/luxurydecorations.hr\/wp-content\/uploads\/2024\/08\/luxury-decorations-Bjelovar-logo-2.jpg","type":"image\/jpeg"}],"twitter_card":"summary_large_image","twitter_misc":{"Procijenjeno vrijeme \u010ditanja":"1 minuta"},"schema":{"@context":"https:\/\/schema.org","@graph":[{"@type":"WebPage","@id":"https:\/\/luxurydecorations.hr\/","url":"https:\/\/luxurydecorations.hr\/","name":"Home - Luxury Decorations","isPartOf":{"@id":"https:\/\/luxurydecorations.hr\/#website"},"primaryImageOfPage":{"@id":"https:\/\/luxurydecorations.hr\/#primaryimage"},"image":{"@id":"https:\/\/luxurydecorations.hr\/#primaryimage"},"thumbnailUrl":"https:\/\/luxurydecorations.hr\/wp-content\/uploads\/2024\/08\/luxury-decorations-Bjelovar-logo-2.jpg","datePublished":"2024-08-19T17:00:44+00:00","dateModified":"2024-09-22T09:54:09+00:00","description":"Organizacija, dekoracije i izrada setova za razne sve\u010danosti, vjen\u010danja, zaruka, djevoja\u010dke ve\u010deri, kr\u0161tenja, ro\u0111endana, Prve pri\u010desti, krizmi i ostalih prigoda. Bjelovar, mob 095 897 9749","breadcrumb":{"@id":"https:\/\/luxurydecorations.hr\/#breadcrumb"},"inLanguage":"hr","potentialAction":[{"@type":"ReadAction","target":["https:\/\/luxurydecorations.hr\/"]}]},{"@type":"ImageObject","inLanguage":"hr","@id":"https:\/\/luxurydecorations.hr\/#primaryimage","url":"https:\/\/luxurydecorations.hr\/wp-content\/uploads\/2024\/08\/luxury-decorations-Bjelovar-logo-2.jpg","contentUrl":"https:\/\/luxurydecorations.hr\/wp-content\/uploads\/2024\/08\/luxury-decorations-Bjelovar-logo-2.jpg","width":964,"height":673,"caption":"usluge organizacija vjen\u010danja Bjelova"},{"@type":"BreadcrumbList","@id":"https:\/\/luxurydecorations.hr\/#breadcrumb","itemListElement":[{"@type":"ListItem","position":1,"name":"Po\u010detna stranica","item":"https:\/\/luxurydecorations.hr\/"},{"@type":"ListItem","position":2,"name":"Home"}]},{"@type":"WebSite","@id":"https:\/\/luxurydecorations.hr\/#website","url":"https:\/\/luxurydecorations.hr\/","name":"Luxury Decorations","description":"","publisher":{"@id":"https:\/\/luxurydecorations.hr\/#organization"},"potentialAction":[{"@type":"SearchAction","target":{"@type":"EntryPoint","urlTemplate":"https:\/\/luxurydecorations.hr\/?s={search_term_string}"},"query-input":"required name=search_term_string"}],"inLanguage":"hr"},{"@type":"Organization","@id":"https:\/\/luxurydecorations.hr\/#organization","name":"Luxury Decorations","url":"https:\/\/luxurydecorations.hr\/","logo":{"@type":"ImageObject","inLanguage":"hr","@id":"https:\/\/luxurydecorations.hr\/#\/schema\/logo\/image\/","url":"https:\/\/luxurydecorations.hr\/wp-content\/uploads\/2024\/08\/luxury-decorations.jpg","contentUrl":"https:\/\/luxurydecorations.hr\/wp-content\/uploads\/2024\/08\/luxury-decorations.jpg","width":960,"height":960,"caption":"Luxury Decorations"},"image":{"@id":"https:\/\/luxurydecorations.hr\/#\/schema\/logo\/image\/"},"sameAs":["https:\/\/www.facebook.com\/luxury.dekoracije"]}]}},"_links":{"self":[{"href":"https:\/\/luxurydecorations.hr\/index.php\/wp-json\/wp\/v2\/pages\/8","targetHints":{"allow":["GET"]}}],"collection":[{"href":"https:\/\/luxurydecorations.hr\/index.php\/wp-json\/wp\/v2\/pages"}],"about":[{"href":"https:\/\/luxurydecorations.hr\/index.php\/wp-json\/wp\/v2\/types\/page"}],"author":[{"embeddable":true,"href":"https:\/\/luxurydecorations.hr\/index.php\/wp-json\/wp\/v2\/users\/1"}],"replies":[{"embeddable":true,"href":"https:\/\/luxurydecorations.hr\/index.php\/wp-json\/wp\/v2\/comments?post=8"}],"version-history":[{"count":68,"href":"https:\/\/luxurydecorations.hr\/index.php\/wp-json\/wp\/v2\/pages\/8\/revisions"}],"predecessor-version":[{"id":991,"href":"https:\/\/luxurydecorations.hr\/index.php\/wp-json\/wp\/v2\/pages\/8\/revisions\/991"}],"wp:featuredmedia":[{"embeddable":true,"href":"https:\/\/luxurydecorations.hr\/index.php\/wp-json\/wp\/v2\/media\/277"}],"wp:attachment":[{"href":"https:\/\/luxurydecorations.hr\/index.php\/wp-json\/wp\/v2\/media?parent=8"}],"curies":[{"name":"wp","href":"https:\/\/api.w.org\/{rel}","templated":true}]}}