{"id":34,"date":"2024-08-19T17:46:38","date_gmt":"2024-08-19T17:46:38","guid":{"rendered":"https:\/\/luxurydecorations.hr\/index.php\/kontakt\/"},"modified":"2024-08-31T13:42:11","modified_gmt":"2024-08-31T13:42:11","slug":"kontakt","status":"publish","type":"page","link":"https:\/\/luxurydecorations.hr\/index.php\/kontakt\/","title":{"rendered":"Kontakt"},"content":{"rendered":"\n<div class=\"wpcf7 no-js\" id=\"wpcf7-f5-o1\" lang=\"hr\" dir=\"ltr\">\n<div class=\"screen-reader-response\"><p role=\"status\" aria-live=\"polite\" aria-atomic=\"true\"><\/p> <ul><\/ul><\/div>\n<form action=\"\/index.php\/wp-json\/wp\/v2\/pages\/34#wpcf7-f5-o1\" method=\"post\" class=\"wpcf7-form init\" aria-label=\"Kontakt obrazac\" novalidate=\"novalidate\" data-status=\"init\">\n<div style=\"display: none;\">\n<input type=\"hidden\" name=\"_wpcf7\" value=\"5\" \/>\n<input type=\"hidden\" name=\"_wpcf7_version\" value=\"5.9.8\" \/>\n<input type=\"hidden\" name=\"_wpcf7_locale\" value=\"hr\" \/>\n<input type=\"hidden\" name=\"_wpcf7_unit_tag\" value=\"wpcf7-f5-o1\" \/>\n<input type=\"hidden\" name=\"_wpcf7_container_post\" value=\"0\" \/>\n<input type=\"hidden\" name=\"_wpcf7_posted_data_hash\" value=\"\" \/>\n<\/div>\n<p><label> Va\u0161e ime<br \/>\n<span class=\"wpcf7-form-control-wrap\" data-name=\"your-name\"><input size=\"40\" maxlength=\"400\" class=\"wpcf7-form-control wpcf7-text wpcf7-validates-as-required\" autocomplete=\"name\" aria-required=\"true\" aria-invalid=\"false\" value=\"\" type=\"text\" name=\"your-name\" \/><\/span> <\/label>\n<\/p>\n<p><label> Va\u0161a e-po\u0161ta<br \/>\n<span class=\"wpcf7-form-control-wrap\" data-name=\"your-email\"><input size=\"40\" maxlength=\"400\" class=\"wpcf7-form-control wpcf7-email wpcf7-validates-as-required wpcf7-text wpcf7-validates-as-email\" autocomplete=\"email\" aria-required=\"true\" aria-invalid=\"false\" value=\"\" type=\"email\" name=\"your-email\" \/><\/span> <\/label>\n<\/p>\n<p><label> Predmet<br \/>\n<span class=\"wpcf7-form-control-wrap\" data-name=\"your-subject\"><input size=\"40\" maxlength=\"400\" class=\"wpcf7-form-control wpcf7-text wpcf7-validates-as-required\" aria-required=\"true\" aria-invalid=\"false\" value=\"\" type=\"text\" name=\"your-subject\" \/><\/span> <\/label>\n<\/p>\n<p><label> Va\u0161a poruka (opcionalno)<br \/>\n<span class=\"wpcf7-form-control-wrap\" data-name=\"your-message\"><textarea cols=\"40\" rows=\"10\" maxlength=\"2000\" class=\"wpcf7-form-control wpcf7-textarea\" aria-invalid=\"false\" name=\"your-message\"><\/textarea><\/span> <\/label>\n<\/p>\n<p><input class=\"wpcf7-form-control wpcf7-submit has-spinner\" type=\"submit\" value=\"Po\u0161alji\" \/>\n<\/p><div class=\"wpcf7-response-output\" aria-hidden=\"true\"><\/div>\n<\/form>\n<\/div>\n\n\n\n","protected":false},"excerpt":{"rendered":"","protected":false},"author":1,"featured_media":277,"parent":0,"menu_order":0,"comment_status":"closed","ping_status":"closed","template":"full-width","meta":{"saved_in_kubio":true,"footnotes":""},"class_list":["post-34","page","type-page","status-publish","has-post-thumbnail","hentry"],"kubio_ai_page_context":{"short_desc":"","purpose":"general"},"yoast_head":"<!-- This site is optimized with the Yoast SEO plugin v23.2 - https:\/\/yoast.com\/wordpress\/plugins\/seo\/ -->\n<title>Kontakt - Luxury Decorations<\/title>\n<meta name=\"description\" content=\"Luxury Decorations nudi usluge dekoriranja i izradu setova za razne sve\u010danosti, vjen\u010danja, zaruka, djevoja\u010dke ve\u010deri, kr\u0161tenja, ro\u0111endana, Bjelovar, mob: 095 897 9749\" \/>\n<meta name=\"robots\" content=\"index, follow, max-snippet:-1, max-image-preview:large, max-video-preview:-1\" \/>\n<link rel=\"canonical\" href=\"https:\/\/luxurydecorations.hr\/index.php\/kontakt\/\" \/>\n<meta property=\"og:locale\" content=\"hr_HR\" \/>\n<meta property=\"og:type\" content=\"article\" \/>\n<meta property=\"og:title\" content=\"Kontakt - Luxury Decorations\" \/>\n<meta property=\"og:description\" content=\"Luxury Decorations nudi usluge dekoriranja i izradu setova za razne sve\u010danosti, vjen\u010danja, zaruka, djevoja\u010dke ve\u010deri, kr\u0161tenja, ro\u0111endana, Bjelovar, mob: 095 897 9749\" \/>\n<meta property=\"og:url\" content=\"https:\/\/luxurydecorations.hr\/index.php\/kontakt\/\" \/>\n<meta property=\"og:site_name\" content=\"Luxury Decorations\" \/>\n<meta property=\"article:publisher\" content=\"https:\/\/www.facebook.com\/luxury.dekoracije\" \/>\n<meta property=\"article:modified_time\" content=\"2024-08-31T13:42:11+00:00\" \/>\n<meta property=\"og:image\" content=\"https:\/\/luxurydecorations.hr\/wp-content\/uploads\/2024\/08\/luxury-decorations-Bjelovar-logo-2.jpg\" \/>\n\t<meta property=\"og:image:width\" content=\"964\" \/>\n\t<meta property=\"og:image:height\" content=\"673\" \/>\n\t<meta property=\"og:image:type\" content=\"image\/jpeg\" \/>\n<meta name=\"twitter:card\" content=\"summary_large_image\" \/>\n<script type=\"application\/ld+json\" class=\"yoast-schema-graph\">{\"@context\":\"https:\/\/schema.org\",\"@graph\":[{\"@type\":\"WebPage\",\"@id\":\"https:\/\/luxurydecorations.hr\/index.php\/kontakt\/\",\"url\":\"https:\/\/luxurydecorations.hr\/index.php\/kontakt\/\",\"name\":\"Kontakt - Luxury Decorations\",\"isPartOf\":{\"@id\":\"https:\/\/luxurydecorations.hr\/#website\"},\"primaryImageOfPage\":{\"@id\":\"https:\/\/luxurydecorations.hr\/index.php\/kontakt\/#primaryimage\"},\"image\":{\"@id\":\"https:\/\/luxurydecorations.hr\/index.php\/kontakt\/#primaryimage\"},\"thumbnailUrl\":\"https:\/\/luxurydecorations.hr\/wp-content\/uploads\/2024\/08\/luxury-decorations-Bjelovar-logo-2.jpg\",\"datePublished\":\"2024-08-19T17:46:38+00:00\",\"dateModified\":\"2024-08-31T13:42:11+00:00\",\"description\":\"Luxury Decorations nudi usluge dekoriranja i izradu setova za razne sve\u010danosti, vjen\u010danja, zaruka, djevoja\u010dke ve\u010deri, kr\u0161tenja, ro\u0111endana, Bjelovar, mob: 095 897 9749\",\"breadcrumb\":{\"@id\":\"https:\/\/luxurydecorations.hr\/index.php\/kontakt\/#breadcrumb\"},\"inLanguage\":\"hr\",\"potentialAction\":[{\"@type\":\"ReadAction\",\"target\":[\"https:\/\/luxurydecorations.hr\/index.php\/kontakt\/\"]}]},{\"@type\":\"ImageObject\",\"inLanguage\":\"hr\",\"@id\":\"https:\/\/luxurydecorations.hr\/index.php\/kontakt\/#primaryimage\",\"url\":\"https:\/\/luxurydecorations.hr\/wp-content\/uploads\/2024\/08\/luxury-decorations-Bjelovar-logo-2.jpg\",\"contentUrl\":\"https:\/\/luxurydecorations.hr\/wp-content\/uploads\/2024\/08\/luxury-decorations-Bjelovar-logo-2.jpg\",\"width\":964,\"height\":673,\"caption\":\"usluge organizacija vjen\u010danja Bjelova\"},{\"@type\":\"BreadcrumbList\",\"@id\":\"https:\/\/luxurydecorations.hr\/index.php\/kontakt\/#breadcrumb\",\"itemListElement\":[{\"@type\":\"ListItem\",\"position\":1,\"name\":\"Po\u010detna stranica\",\"item\":\"https:\/\/luxurydecorations.hr\/\"},{\"@type\":\"ListItem\",\"position\":2,\"name\":\"Kontakt\"}]},{\"@type\":\"WebSite\",\"@id\":\"https:\/\/luxurydecorations.hr\/#website\",\"url\":\"https:\/\/luxurydecorations.hr\/\",\"name\":\"Luxury Decorations\",\"description\":\"\",\"publisher\":{\"@id\":\"https:\/\/luxurydecorations.hr\/#organization\"},\"potentialAction\":[{\"@type\":\"SearchAction\",\"target\":{\"@type\":\"EntryPoint\",\"urlTemplate\":\"https:\/\/luxurydecorations.hr\/?s={search_term_string}\"},\"query-input\":\"required name=search_term_string\"}],\"inLanguage\":\"hr\"},{\"@type\":\"Organization\",\"@id\":\"https:\/\/luxurydecorations.hr\/#organization\",\"name\":\"Luxury Decorations\",\"url\":\"https:\/\/luxurydecorations.hr\/\",\"logo\":{\"@type\":\"ImageObject\",\"inLanguage\":\"hr\",\"@id\":\"https:\/\/luxurydecorations.hr\/#\/schema\/logo\/image\/\",\"url\":\"https:\/\/luxurydecorations.hr\/wp-content\/uploads\/2024\/08\/luxury-decorations.jpg\",\"contentUrl\":\"https:\/\/luxurydecorations.hr\/wp-content\/uploads\/2024\/08\/luxury-decorations.jpg\",\"width\":960,\"height\":960,\"caption\":\"Luxury Decorations\"},\"image\":{\"@id\":\"https:\/\/luxurydecorations.hr\/#\/schema\/logo\/image\/\"},\"sameAs\":[\"https:\/\/www.facebook.com\/luxury.dekoracije\"]}]}<\/script>\n<!-- \/ Yoast SEO plugin. -->","yoast_head_json":{"title":"Kontakt - Luxury Decorations","description":"Luxury Decorations nudi usluge dekoriranja i izradu setova za razne sve\u010danosti, vjen\u010danja, zaruka, djevoja\u010dke ve\u010deri, kr\u0161tenja, ro\u0111endana, Bjelovar, mob: 095 897 9749","robots":{"index":"index","follow":"follow","max-snippet":"max-snippet:-1","max-image-preview":"max-image-preview:large","max-video-preview":"max-video-preview:-1"},"canonical":"https:\/\/luxurydecorations.hr\/index.php\/kontakt\/","og_locale":"hr_HR","og_type":"article","og_title":"Kontakt - Luxury Decorations","og_description":"Luxury Decorations nudi usluge dekoriranja i izradu setova za razne sve\u010danosti, vjen\u010danja, zaruka, djevoja\u010dke ve\u010deri, kr\u0161tenja, ro\u0111endana, Bjelovar, mob: 095 897 9749","og_url":"https:\/\/luxurydecorations.hr\/index.php\/kontakt\/","og_site_name":"Luxury Decorations","article_publisher":"https:\/\/www.facebook.com\/luxury.dekoracije","article_modified_time":"2024-08-31T13:42:11+00:00","og_image":[{"width":964,"height":673,"url":"https:\/\/luxurydecorations.hr\/wp-content\/uploads\/2024\/08\/luxury-decorations-Bjelovar-logo-2.jpg","type":"image\/jpeg"}],"twitter_card":"summary_large_image","schema":{"@context":"https:\/\/schema.org","@graph":[{"@type":"WebPage","@id":"https:\/\/luxurydecorations.hr\/index.php\/kontakt\/","url":"https:\/\/luxurydecorations.hr\/index.php\/kontakt\/","name":"Kontakt - Luxury Decorations","isPartOf":{"@id":"https:\/\/luxurydecorations.hr\/#website"},"primaryImageOfPage":{"@id":"https:\/\/luxurydecorations.hr\/index.php\/kontakt\/#primaryimage"},"image":{"@id":"https:\/\/luxurydecorations.hr\/index.php\/kontakt\/#primaryimage"},"thumbnailUrl":"https:\/\/luxurydecorations.hr\/wp-content\/uploads\/2024\/08\/luxury-decorations-Bjelovar-logo-2.jpg","datePublished":"2024-08-19T17:46:38+00:00","dateModified":"2024-08-31T13:42:11+00:00","description":"Luxury Decorations nudi usluge dekoriranja i izradu setova za razne sve\u010danosti, vjen\u010danja, zaruka, djevoja\u010dke ve\u010deri, kr\u0161tenja, ro\u0111endana, Bjelovar, mob: 095 897 9749","breadcrumb":{"@id":"https:\/\/luxurydecorations.hr\/index.php\/kontakt\/#breadcrumb"},"inLanguage":"hr","potentialAction":[{"@type":"ReadAction","target":["https:\/\/luxurydecorations.hr\/index.php\/kontakt\/"]}]},{"@type":"ImageObject","inLanguage":"hr","@id":"https:\/\/luxurydecorations.hr\/index.php\/kontakt\/#primaryimage","url":"https:\/\/luxurydecorations.hr\/wp-content\/uploads\/2024\/08\/luxury-decorations-Bjelovar-logo-2.jpg","contentUrl":"https:\/\/luxurydecorations.hr\/wp-content\/uploads\/2024\/08\/luxury-decorations-Bjelovar-logo-2.jpg","width":964,"height":673,"caption":"usluge organizacija vjen\u010danja Bjelova"},{"@type":"BreadcrumbList","@id":"https:\/\/luxurydecorations.hr\/index.php\/kontakt\/#breadcrumb","itemListElement":[{"@type":"ListItem","position":1,"name":"Po\u010detna stranica","item":"https:\/\/luxurydecorations.hr\/"},{"@type":"ListItem","position":2,"name":"Kontakt"}]},{"@type":"WebSite","@id":"https:\/\/luxurydecorations.hr\/#website","url":"https:\/\/luxurydecorations.hr\/","name":"Luxury Decorations","description":"","publisher":{"@id":"https:\/\/luxurydecorations.hr\/#organization"},"potentialAction":[{"@type":"SearchAction","target":{"@type":"EntryPoint","urlTemplate":"https:\/\/luxurydecorations.hr\/?s={search_term_string}"},"query-input":"required name=search_term_string"}],"inLanguage":"hr"},{"@type":"Organization","@id":"https:\/\/luxurydecorations.hr\/#organization","name":"Luxury Decorations","url":"https:\/\/luxurydecorations.hr\/","logo":{"@type":"ImageObject","inLanguage":"hr","@id":"https:\/\/luxurydecorations.hr\/#\/schema\/logo\/image\/","url":"https:\/\/luxurydecorations.hr\/wp-content\/uploads\/2024\/08\/luxury-decorations.jpg","contentUrl":"https:\/\/luxurydecorations.hr\/wp-content\/uploads\/2024\/08\/luxury-decorations.jpg","width":960,"height":960,"caption":"Luxury Decorations"},"image":{"@id":"https:\/\/luxurydecorations.hr\/#\/schema\/logo\/image\/"},"sameAs":["https:\/\/www.facebook.com\/luxury.dekoracije"]}]}},"_links":{"self":[{"href":"https:\/\/luxurydecorations.hr\/index.php\/wp-json\/wp\/v2\/pages\/34","targetHints":{"allow":["GET"]}}],"collection":[{"href":"https:\/\/luxurydecorations.hr\/index.php\/wp-json\/wp\/v2\/pages"}],"about":[{"href":"https:\/\/luxurydecorations.hr\/index.php\/wp-json\/wp\/v2\/types\/page"}],"author":[{"embeddable":true,"href":"https:\/\/luxurydecorations.hr\/index.php\/wp-json\/wp\/v2\/users\/1"}],"replies":[{"embeddable":true,"href":"https:\/\/luxurydecorations.hr\/index.php\/wp-json\/wp\/v2\/comments?post=34"}],"version-history":[{"count":6,"href":"https:\/\/luxurydecorations.hr\/index.php\/wp-json\/wp\/v2\/pages\/34\/revisions"}],"predecessor-version":[{"id":101,"href":"https:\/\/luxurydecorations.hr\/index.php\/wp-json\/wp\/v2\/pages\/34\/revisions\/101"}],"wp:featuredmedia":[{"embeddable":true,"href":"https:\/\/luxurydecorations.hr\/index.php\/wp-json\/wp\/v2\/media\/277"}],"wp:attachment":[{"href":"https:\/\/luxurydecorations.hr\/index.php\/wp-json\/wp\/v2\/media?parent=34"}],"curies":[{"name":"wp","href":"https:\/\/api.w.org\/{rel}","templated":true}]}}