{"id":32,"date":"2024-08-19T17:46:37","date_gmt":"2024-08-19T17:46:37","guid":{"rendered":"https:\/\/luxurydecorations.hr\/index.php\/usluge\/"},"modified":"2024-10-22T18:37:12","modified_gmt":"2024-10-22T18:37:12","slug":"usluge","status":"publish","type":"page","link":"https:\/\/luxurydecorations.hr\/index.php\/usluge\/","title":{"rendered":"Dekoracije"},"content":{"rendered":"\n\n\n\n\n\n\n\n\n\n\n\n\n\n\n\n\n\n\n\n\n\n\n\n\n\n\n\n\n\n\n\n\n\n","protected":false},"excerpt":{"rendered":"","protected":false},"author":1,"featured_media":0,"parent":0,"menu_order":0,"comment_status":"closed","ping_status":"closed","template":"full-width","meta":{"saved_in_kubio":true,"footnotes":""},"class_list":["post-32","page","type-page","status-publish","hentry"],"kubio_ai_page_context":{"short_desc":"","purpose":"general"},"yoast_head":"<!-- This site is optimized with the Yoast SEO plugin v23.2 - https:\/\/yoast.com\/wordpress\/plugins\/seo\/ -->\n<title>Dekoracije - Luxury Decorations<\/title>\n<meta name=\"description\" content=\"Organizacija, dekoracije i izrada setova za razne sve\u010danosti, vjen\u010danja, zaruka, djevoja\u010dke ve\u010deri, kr\u0161tenja, ro\u0111endana, Prve pri\u010desti, krizmi i ostalih prigoda. Bjelovar, mob 095 897 9749\" \/>\n<meta name=\"robots\" content=\"index, follow, max-snippet:-1, max-image-preview:large, max-video-preview:-1\" \/>\n<link rel=\"canonical\" href=\"https:\/\/luxurydecorations.hr\/index.php\/usluge\/\" \/>\n<meta property=\"og:locale\" content=\"hr_HR\" \/>\n<meta property=\"og:type\" content=\"article\" \/>\n<meta property=\"og:title\" content=\"Dekoracije - Luxury Decorations\" \/>\n<meta property=\"og:description\" content=\"Organizacija, dekoracije i izrada setova za razne sve\u010danosti, vjen\u010danja, zaruka, djevoja\u010dke ve\u010deri, kr\u0161tenja, ro\u0111endana, Prve pri\u010desti, krizmi i ostalih prigoda. Bjelovar, mob 095 897 9749\" \/>\n<meta property=\"og:url\" content=\"https:\/\/luxurydecorations.hr\/index.php\/usluge\/\" \/>\n<meta property=\"og:site_name\" content=\"Luxury Decorations\" \/>\n<meta property=\"article:publisher\" content=\"https:\/\/www.facebook.com\/luxury.dekoracije\" \/>\n<meta property=\"article:modified_time\" content=\"2024-10-22T18:37:12+00:00\" \/>\n<meta name=\"twitter:card\" content=\"summary_large_image\" \/>\n<script type=\"application\/ld+json\" class=\"yoast-schema-graph\">{\"@context\":\"https:\/\/schema.org\",\"@graph\":[{\"@type\":\"WebPage\",\"@id\":\"https:\/\/luxurydecorations.hr\/index.php\/usluge\/\",\"url\":\"https:\/\/luxurydecorations.hr\/index.php\/usluge\/\",\"name\":\"Dekoracije - Luxury Decorations\",\"isPartOf\":{\"@id\":\"https:\/\/luxurydecorations.hr\/#website\"},\"datePublished\":\"2024-08-19T17:46:37+00:00\",\"dateModified\":\"2024-10-22T18:37:12+00:00\",\"description\":\"Organizacija, dekoracije i izrada setova za razne sve\u010danosti, vjen\u010danja, zaruka, djevoja\u010dke ve\u010deri, kr\u0161tenja, ro\u0111endana, Prve pri\u010desti, krizmi i ostalih prigoda. Bjelovar, mob 095 897 9749\",\"breadcrumb\":{\"@id\":\"https:\/\/luxurydecorations.hr\/index.php\/usluge\/#breadcrumb\"},\"inLanguage\":\"hr\",\"potentialAction\":[{\"@type\":\"ReadAction\",\"target\":[\"https:\/\/luxurydecorations.hr\/index.php\/usluge\/\"]}]},{\"@type\":\"BreadcrumbList\",\"@id\":\"https:\/\/luxurydecorations.hr\/index.php\/usluge\/#breadcrumb\",\"itemListElement\":[{\"@type\":\"ListItem\",\"position\":1,\"name\":\"Po\u010detna stranica\",\"item\":\"https:\/\/luxurydecorations.hr\/\"},{\"@type\":\"ListItem\",\"position\":2,\"name\":\"Dekoracije\"}]},{\"@type\":\"WebSite\",\"@id\":\"https:\/\/luxurydecorations.hr\/#website\",\"url\":\"https:\/\/luxurydecorations.hr\/\",\"name\":\"Luxury Decorations\",\"description\":\"\",\"publisher\":{\"@id\":\"https:\/\/luxurydecorations.hr\/#organization\"},\"potentialAction\":[{\"@type\":\"SearchAction\",\"target\":{\"@type\":\"EntryPoint\",\"urlTemplate\":\"https:\/\/luxurydecorations.hr\/?s={search_term_string}\"},\"query-input\":\"required name=search_term_string\"}],\"inLanguage\":\"hr\"},{\"@type\":\"Organization\",\"@id\":\"https:\/\/luxurydecorations.hr\/#organization\",\"name\":\"Luxury Decorations\",\"url\":\"https:\/\/luxurydecorations.hr\/\",\"logo\":{\"@type\":\"ImageObject\",\"inLanguage\":\"hr\",\"@id\":\"https:\/\/luxurydecorations.hr\/#\/schema\/logo\/image\/\",\"url\":\"https:\/\/luxurydecorations.hr\/wp-content\/uploads\/2024\/08\/luxury-decorations.jpg\",\"contentUrl\":\"https:\/\/luxurydecorations.hr\/wp-content\/uploads\/2024\/08\/luxury-decorations.jpg\",\"width\":960,\"height\":960,\"caption\":\"Luxury Decorations\"},\"image\":{\"@id\":\"https:\/\/luxurydecorations.hr\/#\/schema\/logo\/image\/\"},\"sameAs\":[\"https:\/\/www.facebook.com\/luxury.dekoracije\"]}]}<\/script>\n<!-- \/ Yoast SEO plugin. -->","yoast_head_json":{"title":"Dekoracije - Luxury Decorations","description":"Organizacija, dekoracije i izrada setova za razne sve\u010danosti, vjen\u010danja, zaruka, djevoja\u010dke ve\u010deri, kr\u0161tenja, ro\u0111endana, Prve pri\u010desti, krizmi i ostalih prigoda. Bjelovar, mob 095 897 9749","robots":{"index":"index","follow":"follow","max-snippet":"max-snippet:-1","max-image-preview":"max-image-preview:large","max-video-preview":"max-video-preview:-1"},"canonical":"https:\/\/luxurydecorations.hr\/index.php\/usluge\/","og_locale":"hr_HR","og_type":"article","og_title":"Dekoracije - Luxury Decorations","og_description":"Organizacija, dekoracije i izrada setova za razne sve\u010danosti, vjen\u010danja, zaruka, djevoja\u010dke ve\u010deri, kr\u0161tenja, ro\u0111endana, Prve pri\u010desti, krizmi i ostalih prigoda. Bjelovar, mob 095 897 9749","og_url":"https:\/\/luxurydecorations.hr\/index.php\/usluge\/","og_site_name":"Luxury Decorations","article_publisher":"https:\/\/www.facebook.com\/luxury.dekoracije","article_modified_time":"2024-10-22T18:37:12+00:00","twitter_card":"summary_large_image","schema":{"@context":"https:\/\/schema.org","@graph":[{"@type":"WebPage","@id":"https:\/\/luxurydecorations.hr\/index.php\/usluge\/","url":"https:\/\/luxurydecorations.hr\/index.php\/usluge\/","name":"Dekoracije - Luxury Decorations","isPartOf":{"@id":"https:\/\/luxurydecorations.hr\/#website"},"datePublished":"2024-08-19T17:46:37+00:00","dateModified":"2024-10-22T18:37:12+00:00","description":"Organizacija, dekoracije i izrada setova za razne sve\u010danosti, vjen\u010danja, zaruka, djevoja\u010dke ve\u010deri, kr\u0161tenja, ro\u0111endana, Prve pri\u010desti, krizmi i ostalih prigoda. Bjelovar, mob 095 897 9749","breadcrumb":{"@id":"https:\/\/luxurydecorations.hr\/index.php\/usluge\/#breadcrumb"},"inLanguage":"hr","potentialAction":[{"@type":"ReadAction","target":["https:\/\/luxurydecorations.hr\/index.php\/usluge\/"]}]},{"@type":"BreadcrumbList","@id":"https:\/\/luxurydecorations.hr\/index.php\/usluge\/#breadcrumb","itemListElement":[{"@type":"ListItem","position":1,"name":"Po\u010detna stranica","item":"https:\/\/luxurydecorations.hr\/"},{"@type":"ListItem","position":2,"name":"Dekoracije"}]},{"@type":"WebSite","@id":"https:\/\/luxurydecorations.hr\/#website","url":"https:\/\/luxurydecorations.hr\/","name":"Luxury Decorations","description":"","publisher":{"@id":"https:\/\/luxurydecorations.hr\/#organization"},"potentialAction":[{"@type":"SearchAction","target":{"@type":"EntryPoint","urlTemplate":"https:\/\/luxurydecorations.hr\/?s={search_term_string}"},"query-input":"required name=search_term_string"}],"inLanguage":"hr"},{"@type":"Organization","@id":"https:\/\/luxurydecorations.hr\/#organization","name":"Luxury Decorations","url":"https:\/\/luxurydecorations.hr\/","logo":{"@type":"ImageObject","inLanguage":"hr","@id":"https:\/\/luxurydecorations.hr\/#\/schema\/logo\/image\/","url":"https:\/\/luxurydecorations.hr\/wp-content\/uploads\/2024\/08\/luxury-decorations.jpg","contentUrl":"https:\/\/luxurydecorations.hr\/wp-content\/uploads\/2024\/08\/luxury-decorations.jpg","width":960,"height":960,"caption":"Luxury Decorations"},"image":{"@id":"https:\/\/luxurydecorations.hr\/#\/schema\/logo\/image\/"},"sameAs":["https:\/\/www.facebook.com\/luxury.dekoracije"]}]}},"_links":{"self":[{"href":"https:\/\/luxurydecorations.hr\/index.php\/wp-json\/wp\/v2\/pages\/32","targetHints":{"allow":["GET"]}}],"collection":[{"href":"https:\/\/luxurydecorations.hr\/index.php\/wp-json\/wp\/v2\/pages"}],"about":[{"href":"https:\/\/luxurydecorations.hr\/index.php\/wp-json\/wp\/v2\/types\/page"}],"author":[{"embeddable":true,"href":"https:\/\/luxurydecorations.hr\/index.php\/wp-json\/wp\/v2\/users\/1"}],"replies":[{"embeddable":true,"href":"https:\/\/luxurydecorations.hr\/index.php\/wp-json\/wp\/v2\/comments?post=32"}],"version-history":[{"count":51,"href":"https:\/\/luxurydecorations.hr\/index.php\/wp-json\/wp\/v2\/pages\/32\/revisions"}],"predecessor-version":[{"id":1117,"href":"https:\/\/luxurydecorations.hr\/index.php\/wp-json\/wp\/v2\/pages\/32\/revisions\/1117"}],"wp:attachment":[{"href":"https:\/\/luxurydecorations.hr\/index.php\/wp-json\/wp\/v2\/media?parent=32"}],"curies":[{"name":"wp","href":"https:\/\/api.w.org\/{rel}","templated":true}]}}